{"id":13093,"date":"2018-12-12T12:46:04","date_gmt":"2018-12-12T09:46:04","guid":{"rendered":"https:\/\/www.ado.com.tr\/medya-merkezi-2\/"},"modified":"2025-01-30T09:21:18","modified_gmt":"2025-01-30T06:21:18","slug":"media-center","status":"publish","type":"page","link":"https:\/\/www.ado.com.tr\/en\/media-center\/","title":{"rendered":"MEDIA CENTER"},"content":{"rendered":"\t\t<div data-elementor-type=\"wp-page\" data-elementor-id=\"13093\" class=\"elementor elementor-13093 elementor-848\" data-elementor-post-type=\"page\">\n\t\t\t\t\t\t\t\t\t<section class=\"elementor-section elementor-top-section elementor-element elementor-element-0670ac0 elementor-section-full_width elementor-section-height-default elementor-section-height-default mkdf-parallax-row-no mkdf-content-aligment-left mkdf-elementor-row-grid-no mkdf-disabled-bg-image-bellow-no mkdf-row-btt-light\" data-id=\"0670ac0\" data-element_type=\"section\">\n\t\t\t\t\t\t<div class=\"elementor-container elementor-column-gap-default\">\n\t\t\t\t\t<div class=\"elementor-column elementor-col-100 elementor-top-column elementor-element elementor-element-ee623b9\" data-id=\"ee623b9\" data-element_type=\"column\">\n\t\t\t<div class=\"elementor-widget-wrap elementor-element-populated\">\n\t\t\t\t\t\t\t\t<div class=\"elementor-element elementor-element-bbdc9f4 yazilar elementor-widget elementor-widget-mkdf_blog_list\" data-id=\"bbdc9f4\" data-element_type=\"widget\" data-widget_type=\"mkdf_blog_list.default\">\n\t\t\t\t<div class=\"elementor-widget-container\">\n\t\t\t<div class=\"mkdf-blog-list-holder mkdf-grid-list mkdf-disable-bottom-space mkdf-bl-standard mkdf-three-columns mkdf-normal-space mkdf-bl-pag-standard-shortcodes mkdf-bl-skin-default\"  data-type=standard data-skin=default data-number-of-posts=9 data-number-of-columns=three data-space-between-items=normal data-orderby=date data-order=DESC data-image-size=full data-title-tag=h4 data-excerpt-length=0 data-post-info-section=no data-post-info-image=yes data-post-info-author= data-post-info-date= data-post-info-category= data-post-info-comments= data-post-info-like= data-post-info-share= data-pagination-type=standard-shortcodes data-max-num-pages=4 data-next-page=2>\n\t<div class=\"mkdf-bl-wrapper mkdf-outer-space\">\n\t\t<ul class=\"mkdf-blog-list\">\n\t\t\t<li class=\"mkdf-bl-item mkdf-item-space\">\n\t<div class=\"mkdf-bli-inner\">\n\t\t\n\t<div class=\"mkdf-post-image\">\n\t\t\t\t\t<a itemprop=\"url\" href=\"https:\/\/www.ado.com.tr\/en\/fensterbau-frontale-germany-fair-2026\/\" title=\"Fensterbau Frontale Germany Fair 2026\">\n\t\t\t\t\t<img loading=\"lazy\" decoding=\"async\" width=\"1600\" height=\"1200\" src=\"https:\/\/www.ado.com.tr\/wp-content\/uploads\/2026\/04\/1.webp\" class=\"attachment-full size-full wp-post-image\" alt=\"\" srcset=\"https:\/\/www.ado.com.tr\/wp-content\/uploads\/2026\/04\/1.webp 1600w, https:\/\/www.ado.com.tr\/wp-content\/uploads\/2026\/04\/1-300x225.webp 300w, https:\/\/www.ado.com.tr\/wp-content\/uploads\/2026\/04\/1-1024x768.webp 1024w, https:\/\/www.ado.com.tr\/wp-content\/uploads\/2026\/04\/1-768x576.webp 768w, https:\/\/www.ado.com.tr\/wp-content\/uploads\/2026\/04\/1-1536x1152.webp 1536w, https:\/\/www.ado.com.tr\/wp-content\/uploads\/2026\/04\/1-24x18.webp 24w, https:\/\/www.ado.com.tr\/wp-content\/uploads\/2026\/04\/1-36x27.webp 36w, https:\/\/www.ado.com.tr\/wp-content\/uploads\/2026\/04\/1-48x36.webp 48w\" sizes=\"(max-width: 1600px) 100vw, 1600px\" \/>\t\t\t\t\t<\/a>\n\t\t\t\t\t<\/div>\n        <div class=\"mkdf-bli-content\">\n            \t\n\t        \n<h4 itemprop=\"name\" class=\"entry-title mkdf-post-title\" >\n            <a itemprop=\"url\" href=\"https:\/\/www.ado.com.tr\/en\/fensterbau-frontale-germany-fair-2026\/\" title=\"Fensterbau Frontale Germany Fair 2026\">\n            Fensterbau Frontale Germany Fair 2026            <\/a>\n    <\/h4>\t\n\t        <div class=\"mkdf-bli-excerpt\">\n\t\t        \t\t        \t<div class=\"mkdf-post-read-more-button\">\n\t\t<a itemprop=\"url\" href=\"https:\/\/www.ado.com.tr\/en\/fensterbau-frontale-germany-fair-2026\/\" target=\"_self\"  class=\"mkdf-btn mkdf-btn-medium mkdf-btn-simple mkdf-blog-list-button\"  >    <span class=\"mkdf-btn-text\">Read More<\/span>    <\/a>\t<\/div>\n\t        <\/div>\n        <\/div>\n\t<\/div>\n<\/li><li class=\"mkdf-bl-item mkdf-item-space\">\n\t<div class=\"mkdf-bli-inner\">\n\t\t\n\t<div class=\"mkdf-post-image\">\n\t\t\t\t\t<a itemprop=\"url\" href=\"https:\/\/www.ado.com.tr\/en\/sencon-senegal-fair-2026\/\" title=\"Sencon Senegal Fair 2026\">\n\t\t\t\t\t<img loading=\"lazy\" decoding=\"async\" width=\"1920\" height=\"1080\" src=\"https:\/\/www.ado.com.tr\/wp-content\/uploads\/2026\/02\/KAPAK-Buyuk.webp\" class=\"attachment-full size-full wp-post-image\" alt=\"\" srcset=\"https:\/\/www.ado.com.tr\/wp-content\/uploads\/2026\/02\/KAPAK-Buyuk.webp 1920w, https:\/\/www.ado.com.tr\/wp-content\/uploads\/2026\/02\/KAPAK-Buyuk-300x169.webp 300w, https:\/\/www.ado.com.tr\/wp-content\/uploads\/2026\/02\/KAPAK-Buyuk-1024x576.webp 1024w, https:\/\/www.ado.com.tr\/wp-content\/uploads\/2026\/02\/KAPAK-Buyuk-768x432.webp 768w, https:\/\/www.ado.com.tr\/wp-content\/uploads\/2026\/02\/KAPAK-Buyuk-1536x864.webp 1536w, https:\/\/www.ado.com.tr\/wp-content\/uploads\/2026\/02\/KAPAK-Buyuk-24x14.webp 24w, https:\/\/www.ado.com.tr\/wp-content\/uploads\/2026\/02\/KAPAK-Buyuk-36x20.webp 36w, https:\/\/www.ado.com.tr\/wp-content\/uploads\/2026\/02\/KAPAK-Buyuk-48x27.webp 48w\" sizes=\"(max-width: 1920px) 100vw, 1920px\" \/>\t\t\t\t\t<\/a>\n\t\t\t\t\t<\/div>\n        <div class=\"mkdf-bli-content\">\n            \t\n\t        \n<h4 itemprop=\"name\" class=\"entry-title mkdf-post-title\" >\n            <a itemprop=\"url\" href=\"https:\/\/www.ado.com.tr\/en\/sencon-senegal-fair-2026\/\" title=\"Sencon Senegal Fair 2026\">\n            Sencon Senegal Fair 2026            <\/a>\n    <\/h4>\t\n\t        <div class=\"mkdf-bli-excerpt\">\n\t\t        \t\t        \t<div class=\"mkdf-post-read-more-button\">\n\t\t<a itemprop=\"url\" href=\"https:\/\/www.ado.com.tr\/en\/sencon-senegal-fair-2026\/\" target=\"_self\"  class=\"mkdf-btn mkdf-btn-medium mkdf-btn-simple mkdf-blog-list-button\"  >    <span class=\"mkdf-btn-text\">Read More<\/span>    <\/a>\t<\/div>\n\t        <\/div>\n        <\/div>\n\t<\/div>\n<\/li><li class=\"mkdf-bl-item mkdf-item-space\">\n\t<div class=\"mkdf-bli-inner\">\n\t\t\n\t<div class=\"mkdf-post-image\">\n\t\t\t\t\t<a itemprop=\"url\" href=\"https:\/\/www.ado.com.tr\/en\/big-5-construct-saudi-fair-2026\/\" title=\"Big 5 Construct Saudi Fair 2026\">\n\t\t\t\t\t<img loading=\"lazy\" decoding=\"async\" width=\"1920\" height=\"1280\" src=\"https:\/\/www.ado.com.tr\/wp-content\/uploads\/2026\/01\/KAPAK.webp\" class=\"attachment-full size-full wp-post-image\" alt=\"\" srcset=\"https:\/\/www.ado.com.tr\/wp-content\/uploads\/2026\/01\/KAPAK.webp 1920w, https:\/\/www.ado.com.tr\/wp-content\/uploads\/2026\/01\/KAPAK-300x200.webp 300w, https:\/\/www.ado.com.tr\/wp-content\/uploads\/2026\/01\/KAPAK-1024x683.webp 1024w, https:\/\/www.ado.com.tr\/wp-content\/uploads\/2026\/01\/KAPAK-768x512.webp 768w, https:\/\/www.ado.com.tr\/wp-content\/uploads\/2026\/01\/KAPAK-1536x1024.webp 1536w, https:\/\/www.ado.com.tr\/wp-content\/uploads\/2026\/01\/KAPAK-24x16.webp 24w, https:\/\/www.ado.com.tr\/wp-content\/uploads\/2026\/01\/KAPAK-36x24.webp 36w, https:\/\/www.ado.com.tr\/wp-content\/uploads\/2026\/01\/KAPAK-48x32.webp 48w\" sizes=\"(max-width: 1920px) 100vw, 1920px\" \/>\t\t\t\t\t<\/a>\n\t\t\t\t\t<\/div>\n        <div class=\"mkdf-bli-content\">\n            \t\n\t        \n<h4 itemprop=\"name\" class=\"entry-title mkdf-post-title\" >\n            <a itemprop=\"url\" href=\"https:\/\/www.ado.com.tr\/en\/big-5-construct-saudi-fair-2026\/\" title=\"Big 5 Construct Saudi Fair 2026\">\n            Big 5 Construct Saudi Fair 2026            <\/a>\n    <\/h4>\t\n\t        <div class=\"mkdf-bli-excerpt\">\n\t\t        \t\t        \t<div class=\"mkdf-post-read-more-button\">\n\t\t<a itemprop=\"url\" href=\"https:\/\/www.ado.com.tr\/en\/big-5-construct-saudi-fair-2026\/\" target=\"_self\"  class=\"mkdf-btn mkdf-btn-medium mkdf-btn-simple mkdf-blog-list-button\"  >    <span class=\"mkdf-btn-text\">Read More<\/span>    <\/a>\t<\/div>\n\t        <\/div>\n        <\/div>\n\t<\/div>\n<\/li><li class=\"mkdf-bl-item mkdf-item-space\">\n\t<div class=\"mkdf-bli-inner\">\n\t\t\n\t<div class=\"mkdf-post-image\">\n\t\t\t\t\t<a itemprop=\"url\" href=\"https:\/\/www.ado.com.tr\/en\/baib-stars-of-export-awards\/\" title=\"BAIB Stars of Export Awards\">\n\t\t\t\t\t<img loading=\"lazy\" decoding=\"async\" width=\"1620\" height=\"1080\" src=\"https:\/\/www.ado.com.tr\/wp-content\/uploads\/2025\/12\/adobaib.webp\" class=\"attachment-full size-full wp-post-image\" alt=\"\" srcset=\"https:\/\/www.ado.com.tr\/wp-content\/uploads\/2025\/12\/adobaib.webp 1620w, https:\/\/www.ado.com.tr\/wp-content\/uploads\/2025\/12\/adobaib-300x200.webp 300w, https:\/\/www.ado.com.tr\/wp-content\/uploads\/2025\/12\/adobaib-1024x683.webp 1024w, https:\/\/www.ado.com.tr\/wp-content\/uploads\/2025\/12\/adobaib-768x512.webp 768w, https:\/\/www.ado.com.tr\/wp-content\/uploads\/2025\/12\/adobaib-1536x1024.webp 1536w, https:\/\/www.ado.com.tr\/wp-content\/uploads\/2025\/12\/adobaib-24x16.webp 24w, https:\/\/www.ado.com.tr\/wp-content\/uploads\/2025\/12\/adobaib-36x24.webp 36w, https:\/\/www.ado.com.tr\/wp-content\/uploads\/2025\/12\/adobaib-48x32.webp 48w\" sizes=\"(max-width: 1620px) 100vw, 1620px\" \/>\t\t\t\t\t<\/a>\n\t\t\t\t\t<\/div>\n        <div class=\"mkdf-bli-content\">\n            \t\n\t        \n<h4 itemprop=\"name\" class=\"entry-title mkdf-post-title\" >\n            <a itemprop=\"url\" href=\"https:\/\/www.ado.com.tr\/en\/baib-stars-of-export-awards\/\" title=\"BAIB Stars of Export Awards\">\n            BAIB Stars of Export Awards            <\/a>\n    <\/h4>\t\n\t        <div class=\"mkdf-bli-excerpt\">\n\t\t        \t\t        \t<div class=\"mkdf-post-read-more-button\">\n\t\t<a itemprop=\"url\" href=\"https:\/\/www.ado.com.tr\/en\/baib-stars-of-export-awards\/\" target=\"_self\"  class=\"mkdf-btn mkdf-btn-medium mkdf-btn-simple mkdf-blog-list-button\"  >    <span class=\"mkdf-btn-text\">Read More<\/span>    <\/a>\t<\/div>\n\t        <\/div>\n        <\/div>\n\t<\/div>\n<\/li><li class=\"mkdf-bl-item mkdf-item-space\">\n\t<div class=\"mkdf-bli-inner\">\n\t\t\n\t<div class=\"mkdf-post-image\">\n\t\t\t\t\t<a itemprop=\"url\" href=\"https:\/\/www.ado.com.tr\/en\/eurasia-door-window-fair-2025\/\" title=\"Eurasia Door &#038; Window Fair 2025\">\n\t\t\t\t\t<img loading=\"lazy\" decoding=\"async\" width=\"2560\" height=\"1439\" src=\"https:\/\/www.ado.com.tr\/wp-content\/uploads\/2025\/11\/DSCF3412-min-scaled.webp\" class=\"attachment-full size-full wp-post-image\" alt=\"\" srcset=\"https:\/\/www.ado.com.tr\/wp-content\/uploads\/2025\/11\/DSCF3412-min-scaled.webp 2560w, https:\/\/www.ado.com.tr\/wp-content\/uploads\/2025\/11\/DSCF3412-min-300x169.webp 300w, https:\/\/www.ado.com.tr\/wp-content\/uploads\/2025\/11\/DSCF3412-min-1024x576.webp 1024w, https:\/\/www.ado.com.tr\/wp-content\/uploads\/2025\/11\/DSCF3412-min-768x432.webp 768w, https:\/\/www.ado.com.tr\/wp-content\/uploads\/2025\/11\/DSCF3412-min-1536x863.webp 1536w, https:\/\/www.ado.com.tr\/wp-content\/uploads\/2025\/11\/DSCF3412-min-24x13.webp 24w, https:\/\/www.ado.com.tr\/wp-content\/uploads\/2025\/11\/DSCF3412-min-36x20.webp 36w, https:\/\/www.ado.com.tr\/wp-content\/uploads\/2025\/11\/DSCF3412-min-48x27.webp 48w\" sizes=\"(max-width: 2560px) 100vw, 2560px\" \/>\t\t\t\t\t<\/a>\n\t\t\t\t\t<\/div>\n        <div class=\"mkdf-bli-content\">\n            \t\n\t        \n<h4 itemprop=\"name\" class=\"entry-title mkdf-post-title\" >\n            <a itemprop=\"url\" href=\"https:\/\/www.ado.com.tr\/en\/eurasia-door-window-fair-2025\/\" title=\"Eurasia Door &#038; Window Fair 2025\">\n            Eurasia Door &#038; Window Fair 2025            <\/a>\n    <\/h4>\t\n\t        <div class=\"mkdf-bli-excerpt\">\n\t\t        \t\t        \t<div class=\"mkdf-post-read-more-button\">\n\t\t<a itemprop=\"url\" href=\"https:\/\/www.ado.com.tr\/en\/eurasia-door-window-fair-2025\/\" target=\"_self\"  class=\"mkdf-btn mkdf-btn-medium mkdf-btn-simple mkdf-blog-list-button\"  >    <span class=\"mkdf-btn-text\">Read More<\/span>    <\/a>\t<\/div>\n\t        <\/div>\n        <\/div>\n\t<\/div>\n<\/li><li class=\"mkdf-bl-item mkdf-item-space\">\n\t<div class=\"mkdf-bli-inner\">\n\t\t\n\t<div class=\"mkdf-post-image\">\n\t\t\t\t\t<a itemprop=\"url\" href=\"https:\/\/www.ado.com.tr\/en\/ado-mena-egypt-factory-opened\/\" title=\"ADO MENA Egypt Factory Opened\">\n\t\t\t\t\t<img loading=\"lazy\" decoding=\"async\" width=\"2048\" height=\"1463\" src=\"https:\/\/www.ado.com.tr\/wp-content\/uploads\/2025\/11\/1-1-1.webp\" class=\"attachment-full size-full wp-post-image\" alt=\"\" srcset=\"https:\/\/www.ado.com.tr\/wp-content\/uploads\/2025\/11\/1-1-1.webp 2048w, https:\/\/www.ado.com.tr\/wp-content\/uploads\/2025\/11\/1-1-1-300x214.webp 300w, https:\/\/www.ado.com.tr\/wp-content\/uploads\/2025\/11\/1-1-1-1024x732.webp 1024w, https:\/\/www.ado.com.tr\/wp-content\/uploads\/2025\/11\/1-1-1-768x549.webp 768w, https:\/\/www.ado.com.tr\/wp-content\/uploads\/2025\/11\/1-1-1-1536x1097.webp 1536w, https:\/\/www.ado.com.tr\/wp-content\/uploads\/2025\/11\/1-1-1-24x17.webp 24w, https:\/\/www.ado.com.tr\/wp-content\/uploads\/2025\/11\/1-1-1-36x26.webp 36w, https:\/\/www.ado.com.tr\/wp-content\/uploads\/2025\/11\/1-1-1-48x34.webp 48w\" sizes=\"(max-width: 2048px) 100vw, 2048px\" \/>\t\t\t\t\t<\/a>\n\t\t\t\t\t<\/div>\n        <div class=\"mkdf-bli-content\">\n            \t\n\t        \n<h4 itemprop=\"name\" class=\"entry-title mkdf-post-title\" >\n            <a itemprop=\"url\" href=\"https:\/\/www.ado.com.tr\/en\/ado-mena-egypt-factory-opened\/\" title=\"ADO MENA Egypt Factory Opened\">\n            ADO MENA Egypt Factory Opened            <\/a>\n    <\/h4>\t\n\t        <div class=\"mkdf-bli-excerpt\">\n\t\t        \t\t        \t<div class=\"mkdf-post-read-more-button\">\n\t\t<a itemprop=\"url\" href=\"https:\/\/www.ado.com.tr\/en\/ado-mena-egypt-factory-opened\/\" target=\"_self\"  class=\"mkdf-btn mkdf-btn-medium mkdf-btn-simple mkdf-blog-list-button\"  >    <span class=\"mkdf-btn-text\">Read More<\/span>    <\/a>\t<\/div>\n\t        <\/div>\n        <\/div>\n\t<\/div>\n<\/li><li class=\"mkdf-bl-item mkdf-item-space\">\n\t<div class=\"mkdf-bli-inner\">\n\t\t\n\t<div class=\"mkdf-post-image\">\n\t\t\t\t\t<a itemprop=\"url\" href=\"https:\/\/www.ado.com.tr\/en\/turkish-export-products-fair-2025\/\" title=\"Turkish Export Products Fair 2025\">\n\t\t\t\t\t<img loading=\"lazy\" decoding=\"async\" width=\"1500\" height=\"1000\" src=\"https:\/\/www.ado.com.tr\/wp-content\/uploads\/2025\/09\/1.webp\" class=\"attachment-full size-full wp-post-image\" alt=\"T\u00fcrk \u0130hra\u00e7 \u00dcr\u00fcnleri Fuar\u0131 2025\" srcset=\"https:\/\/www.ado.com.tr\/wp-content\/uploads\/2025\/09\/1.webp 1500w, https:\/\/www.ado.com.tr\/wp-content\/uploads\/2025\/09\/1-300x200.webp 300w, https:\/\/www.ado.com.tr\/wp-content\/uploads\/2025\/09\/1-1024x683.webp 1024w, https:\/\/www.ado.com.tr\/wp-content\/uploads\/2025\/09\/1-768x512.webp 768w, https:\/\/www.ado.com.tr\/wp-content\/uploads\/2025\/09\/1-24x16.webp 24w, https:\/\/www.ado.com.tr\/wp-content\/uploads\/2025\/09\/1-36x24.webp 36w, https:\/\/www.ado.com.tr\/wp-content\/uploads\/2025\/09\/1-48x32.webp 48w\" sizes=\"(max-width: 1500px) 100vw, 1500px\" \/>\t\t\t\t\t<\/a>\n\t\t\t\t\t<\/div>\n        <div class=\"mkdf-bli-content\">\n            \t\n\t        \n<h4 itemprop=\"name\" class=\"entry-title mkdf-post-title\" >\n            <a itemprop=\"url\" href=\"https:\/\/www.ado.com.tr\/en\/turkish-export-products-fair-2025\/\" title=\"Turkish Export Products Fair 2025\">\n            Turkish Export Products Fair 2025            <\/a>\n    <\/h4>\t\n\t        <div class=\"mkdf-bli-excerpt\">\n\t\t        \t\t        \t<div class=\"mkdf-post-read-more-button\">\n\t\t<a itemprop=\"url\" href=\"https:\/\/www.ado.com.tr\/en\/turkish-export-products-fair-2025\/\" target=\"_self\"  class=\"mkdf-btn mkdf-btn-medium mkdf-btn-simple mkdf-blog-list-button\"  >    <span class=\"mkdf-btn-text\">Read More<\/span>    <\/a>\t<\/div>\n\t        <\/div>\n        <\/div>\n\t<\/div>\n<\/li><li class=\"mkdf-bl-item mkdf-item-space\">\n\t<div class=\"mkdf-bli-inner\">\n\t\t\n\t<div class=\"mkdf-post-image\">\n\t\t\t\t\t<a itemprop=\"url\" href=\"https:\/\/www.ado.com.tr\/en\/kapex-fair-2025\/\" title=\"Kapex Fair 2025\">\n\t\t\t\t\t<img loading=\"lazy\" decoding=\"async\" width=\"1440\" height=\"1080\" src=\"https:\/\/www.ado.com.tr\/wp-content\/uploads\/2025\/09\/ADO-Kapex-2025-2.webp\" class=\"attachment-full size-full wp-post-image\" alt=\"ADO Kapex 2025 2\" srcset=\"https:\/\/www.ado.com.tr\/wp-content\/uploads\/2025\/09\/ADO-Kapex-2025-2.webp 1440w, https:\/\/www.ado.com.tr\/wp-content\/uploads\/2025\/09\/ADO-Kapex-2025-2-300x225.webp 300w, https:\/\/www.ado.com.tr\/wp-content\/uploads\/2025\/09\/ADO-Kapex-2025-2-1024x768.webp 1024w, https:\/\/www.ado.com.tr\/wp-content\/uploads\/2025\/09\/ADO-Kapex-2025-2-768x576.webp 768w, https:\/\/www.ado.com.tr\/wp-content\/uploads\/2025\/09\/ADO-Kapex-2025-2-24x18.webp 24w, https:\/\/www.ado.com.tr\/wp-content\/uploads\/2025\/09\/ADO-Kapex-2025-2-36x27.webp 36w, https:\/\/www.ado.com.tr\/wp-content\/uploads\/2025\/09\/ADO-Kapex-2025-2-48x36.webp 48w\" sizes=\"(max-width: 1440px) 100vw, 1440px\" \/>\t\t\t\t\t<\/a>\n\t\t\t\t\t<\/div>\n        <div class=\"mkdf-bli-content\">\n            \t\n\t        \n<h4 itemprop=\"name\" class=\"entry-title mkdf-post-title\" >\n            <a itemprop=\"url\" href=\"https:\/\/www.ado.com.tr\/en\/kapex-fair-2025\/\" title=\"Kapex Fair 2025\">\n            Kapex Fair 2025            <\/a>\n    <\/h4>\t\n\t        <div class=\"mkdf-bli-excerpt\">\n\t\t        \t\t        \t<div class=\"mkdf-post-read-more-button\">\n\t\t<a itemprop=\"url\" href=\"https:\/\/www.ado.com.tr\/en\/kapex-fair-2025\/\" target=\"_self\"  class=\"mkdf-btn mkdf-btn-medium mkdf-btn-simple mkdf-blog-list-button\"  >    <span class=\"mkdf-btn-text\">Read More<\/span>    <\/a>\t<\/div>\n\t        <\/div>\n        <\/div>\n\t<\/div>\n<\/li><li class=\"mkdf-bl-item mkdf-item-space\">\n\t<div class=\"mkdf-bli-inner\">\n\t\t\n\t<div class=\"mkdf-post-image\">\n\t\t\t\t\t<a itemprop=\"url\" href=\"https:\/\/www.ado.com.tr\/en\/ado-group-ankara-showroom-opened\/\" title=\"ADO Group Ankara Showroom Opened\">\n\t\t\t\t\t<img loading=\"lazy\" decoding=\"async\" width=\"1617\" height=\"1080\" src=\"https:\/\/www.ado.com.tr\/wp-content\/uploads\/2025\/06\/image003-Buyuk.webp\" class=\"attachment-full size-full wp-post-image\" alt=\"\" srcset=\"https:\/\/www.ado.com.tr\/wp-content\/uploads\/2025\/06\/image003-Buyuk.webp 1617w, https:\/\/www.ado.com.tr\/wp-content\/uploads\/2025\/06\/image003-Buyuk-300x200.webp 300w, https:\/\/www.ado.com.tr\/wp-content\/uploads\/2025\/06\/image003-Buyuk-1024x684.webp 1024w, https:\/\/www.ado.com.tr\/wp-content\/uploads\/2025\/06\/image003-Buyuk-768x513.webp 768w, https:\/\/www.ado.com.tr\/wp-content\/uploads\/2025\/06\/image003-Buyuk-1536x1026.webp 1536w, https:\/\/www.ado.com.tr\/wp-content\/uploads\/2025\/06\/image003-Buyuk-24x16.webp 24w, https:\/\/www.ado.com.tr\/wp-content\/uploads\/2025\/06\/image003-Buyuk-36x24.webp 36w, https:\/\/www.ado.com.tr\/wp-content\/uploads\/2025\/06\/image003-Buyuk-48x32.webp 48w\" sizes=\"(max-width: 1617px) 100vw, 1617px\" \/>\t\t\t\t\t<\/a>\n\t\t\t\t\t<\/div>\n        <div class=\"mkdf-bli-content\">\n            \t\n\t        \n<h4 itemprop=\"name\" class=\"entry-title mkdf-post-title\" >\n            <a itemprop=\"url\" href=\"https:\/\/www.ado.com.tr\/en\/ado-group-ankara-showroom-opened\/\" title=\"ADO Group Ankara Showroom Opened\">\n            ADO Group Ankara Showroom Opened            <\/a>\n    <\/h4>\t\n\t        <div class=\"mkdf-bli-excerpt\">\n\t\t        \t\t        \t<div class=\"mkdf-post-read-more-button\">\n\t\t<a itemprop=\"url\" href=\"https:\/\/www.ado.com.tr\/en\/ado-group-ankara-showroom-opened\/\" target=\"_self\"  class=\"mkdf-btn mkdf-btn-medium mkdf-btn-simple mkdf-blog-list-button\"  >    <span class=\"mkdf-btn-text\">Read More<\/span>    <\/a>\t<\/div>\n\t        <\/div>\n        <\/div>\n\t<\/div>\n<\/li>\t\t<\/ul>\n\t<\/div>\n\t\t<div class=\"mkdf-blog-pag-loading\">\n\t\t<div class=\"mkdf-blog-pag-bounce1\"><\/div>\n\t\t<div class=\"mkdf-blog-pag-bounce2\"><\/div>\n\t\t<div class=\"mkdf-blog-pag-bounce3\"><\/div>\n\t<\/div>\n\t\t\t<div class=\"mkdf-bl-standard-pagination\">\n\t\t\t<ul>\n\t\t\t\t<li class=\"mkdf-pag-prev\">\n\t\t\t\t\t<a href=\"#\" data-paged=\"1\"><span class=\"arrow_carrot-left\"><\/span><\/a>\n\t\t\t\t<\/li>\n\t\t\t\t\t\t\t\t\t\t\t\t\t\t<li class=\"mkdf-pag-number mkdf-pag-active\">\n\t\t\t\t\t\t<a href=\"#\" data-paged=\"1\">1<\/a>\n\t\t\t\t\t<\/li>\n\t\t\t\t\t\t\t\t\t\t\t\t\t\t<li class=\"mkdf-pag-number \">\n\t\t\t\t\t\t<a href=\"#\" data-paged=\"2\">2<\/a>\n\t\t\t\t\t<\/li>\n\t\t\t\t\t\t\t\t\t\t\t\t\t\t<li class=\"mkdf-pag-number \">\n\t\t\t\t\t\t<a href=\"#\" data-paged=\"3\">3<\/a>\n\t\t\t\t\t<\/li>\n\t\t\t\t\t\t\t\t\t\t\t\t\t\t<li class=\"mkdf-pag-number \">\n\t\t\t\t\t\t<a href=\"#\" data-paged=\"4\">4<\/a>\n\t\t\t\t\t<\/li>\n\t\t\t\t\t\t\t\t<li class=\"mkdf-pag-next\">\n\t\t\t\t\t<a href=\"#\" data-paged=\"2\"><span class=\"arrow_carrot-right\"><\/span><\/a>\n\t\t\t\t<\/li>\n\t\t\t<\/ul>\n\t\t<\/div>\n\t<\/div>\t\t<\/div>\n\t\t\t\t<\/div>\n\t\t\t\t<div class=\"elementor-element elementor-element-323effa elementor-widget elementor-widget-spacer\" data-id=\"323effa\" data-element_type=\"widget\" data-widget_type=\"spacer.default\">\n\t\t\t\t<div class=\"elementor-widget-container\">\n\t\t\t<style>\/*! elementor - v3.15.0 - 02-08-2023 *\/\n.elementor-column .elementor-spacer-inner{height:var(--spacer-size)}.e-con{--container-widget-width:100%}.e-con-inner>.elementor-widget-spacer,.e-con>.elementor-widget-spacer{width:var(--container-widget-width,var(--spacer-size));--align-self:var(--container-widget-align-self,initial);--flex-shrink:0}.e-con-inner>.elementor-widget-spacer>.elementor-widget-container,.e-con-inner>.elementor-widget-spacer>.elementor-widget-container>.elementor-spacer,.e-con>.elementor-widget-spacer>.elementor-widget-container,.e-con>.elementor-widget-spacer>.elementor-widget-container>.elementor-spacer{height:100%}.e-con-inner>.elementor-widget-spacer>.elementor-widget-container>.elementor-spacer>.elementor-spacer-inner,.e-con>.elementor-widget-spacer>.elementor-widget-container>.elementor-spacer>.elementor-spacer-inner{height:var(--container-widget-height,var(--spacer-size))}<\/style>\t\t<div class=\"elementor-spacer\">\n\t\t\t<div class=\"elementor-spacer-inner\"><\/div>\n\t\t<\/div>\n\t\t\t\t<\/div>\n\t\t\t\t<\/div>\n\t\t\t\t\t<\/div>\n\t\t<\/div>\n\t\t\t\t\t\t\t<\/div>\n\t\t<\/section>\n\t\t\t\t\t\t\t<\/div>\n\t\t","protected":false},"excerpt":{"rendered":"<p>BAU Munich Fair 2025 Read More Antalya Interior Architects Association ADO Showroom Visit Read More Eurasia Door &#038; Window Fair 2024 Read More Wintech Showroom Opens in Pakistan Read More ATSO 100th anniversary of the Republic Awards Read More Intermob [&hellip;]<\/p>\n","protected":false},"author":1,"featured_media":0,"parent":0,"menu_order":0,"comment_status":"closed","ping_status":"closed","template":"","meta":{"footnotes":""},"_links":{"self":[{"href":"https:\/\/www.ado.com.tr\/en\/wp-json\/wp\/v2\/pages\/13093"}],"collection":[{"href":"https:\/\/www.ado.com.tr\/en\/wp-json\/wp\/v2\/pages"}],"about":[{"href":"https:\/\/www.ado.com.tr\/en\/wp-json\/wp\/v2\/types\/page"}],"author":[{"embeddable":true,"href":"https:\/\/www.ado.com.tr\/en\/wp-json\/wp\/v2\/users\/1"}],"replies":[{"embeddable":true,"href":"https:\/\/www.ado.com.tr\/en\/wp-json\/wp\/v2\/comments?post=13093"}],"version-history":[{"count":24,"href":"https:\/\/www.ado.com.tr\/en\/wp-json\/wp\/v2\/pages\/13093\/revisions"}],"predecessor-version":[{"id":16016,"href":"https:\/\/www.ado.com.tr\/en\/wp-json\/wp\/v2\/pages\/13093\/revisions\/16016"}],"wp:attachment":[{"href":"https:\/\/www.ado.com.tr\/en\/wp-json\/wp\/v2\/media?parent=13093"}],"curies":[{"name":"wp","href":"https:\/\/api.w.org\/{rel}","templated":true}]}}