{"id":13031,"date":"2023-09-27T15:47:55","date_gmt":"2023-09-27T12:47:55","guid":{"rendered":"https:\/\/www.ado.com.tr\/sosyal-sorumluluk\/"},"modified":"2024-07-31T15:19:38","modified_gmt":"2024-07-31T12:19:38","slug":"social-responsibility","status":"publish","type":"page","link":"https:\/\/www.ado.com.tr\/en\/corporate\/social-responsibility\/","title":{"rendered":"SOCIAL RESPONSIBILITY"},"content":{"rendered":"\t\t<div data-elementor-type=\"wp-page\" data-elementor-id=\"13031\" class=\"elementor elementor-13031 elementor-9633\" data-elementor-post-type=\"page\">\n\t\t\t\t\t\t\t\t\t<section class=\"elementor-section elementor-top-section elementor-element elementor-element-3423f1c mkdf-elementor-row-grid-section elementor-section-boxed elementor-section-height-default elementor-section-height-default mkdf-parallax-row-no mkdf-content-aligment-left mkdf-disabled-bg-image-bellow-no mkdf-row-btt-light\" data-id=\"3423f1c\" data-element_type=\"section\">\n\t\t\t\t\t\t<div class=\"elementor-container elementor-column-gap-default\">\n\t\t\t\t\t<div class=\"elementor-column elementor-col-100 elementor-top-column elementor-element elementor-element-0889cd8\" data-id=\"0889cd8\" data-element_type=\"column\">\n\t\t\t<div class=\"elementor-widget-wrap elementor-element-populated\">\n\t\t\t\t\t\t<div class=\"mkdf-elementor-row mkdf-row-with-bg-pattern\" style=\"\">\t\t<section class=\"elementor-section elementor-inner-section elementor-element elementor-element-74bba69 elementor-section-full_width elementor-section-height-default elementor-section-height-default mkdf-parallax-row-no mkdf-content-aligment-left mkdf-elementor-row-grid-no mkdf-disabled-bg-image-bellow-no mkdf-row-btt-light\" data-id=\"74bba69\" data-element_type=\"section\">\n\t\t\t\t\t\t<div class=\"elementor-container elementor-column-gap-default\">\n\t\t\t\t\t<div class=\"elementor-column elementor-col-50 elementor-inner-column elementor-element elementor-element-a5d687b\" data-id=\"a5d687b\" data-element_type=\"column\">\n\t\t\t<div class=\"elementor-widget-wrap elementor-element-populated\">\n\t\t\t\t\t\t\t\t<div class=\"elementor-element elementor-element-e39fa06 mkdf-appearing-section mkdf-eh-item-project elementor-widget elementor-widget-image\" data-id=\"e39fa06\" data-element_type=\"widget\" data-widget_type=\"image.default\">\n\t\t\t\t<div class=\"elementor-widget-container\">\n\t\t\t<style>\/*! elementor - v3.15.0 - 02-08-2023 *\/\n.elementor-widget-image{text-align:center}.elementor-widget-image a{display:inline-block}.elementor-widget-image a img[src$=\".svg\"]{width:48px}.elementor-widget-image img{vertical-align:middle;display:inline-block}<\/style>\t\t\t\t\t\t\t\t\t\t\t\t<img loading=\"lazy\" decoding=\"async\" width=\"2560\" height=\"1707\" src=\"https:\/\/www.ado.com.tr\/wp-content\/uploads\/2024\/07\/EK-7-scaled.jpg\" class=\"attachment-full size-full wp-image-13667\" alt=\"EK 7 scaled\" srcset=\"https:\/\/www.ado.com.tr\/wp-content\/uploads\/2024\/07\/EK-7-scaled.jpg 2560w, https:\/\/www.ado.com.tr\/wp-content\/uploads\/2024\/07\/EK-7-300x200.jpg 300w, https:\/\/www.ado.com.tr\/wp-content\/uploads\/2024\/07\/EK-7-1024x683.jpg 1024w, https:\/\/www.ado.com.tr\/wp-content\/uploads\/2024\/07\/EK-7-768x512.jpg 768w, https:\/\/www.ado.com.tr\/wp-content\/uploads\/2024\/07\/EK-7-1536x1024.jpg 1536w, https:\/\/www.ado.com.tr\/wp-content\/uploads\/2024\/07\/EK-7-24x16.jpg 24w, https:\/\/www.ado.com.tr\/wp-content\/uploads\/2024\/07\/EK-7-36x24.jpg 36w, https:\/\/www.ado.com.tr\/wp-content\/uploads\/2024\/07\/EK-7-48x32.jpg 48w\" sizes=\"(max-width: 2560px) 100vw, 2560px\" \/>\t\t\t\t\t\t\t\t\t\t\t\t\t\t\t<\/div>\n\t\t\t\t<\/div>\n\t\t\t\t\t<\/div>\n\t\t<\/div>\n\t\t\t\t<div class=\"elementor-column elementor-col-50 elementor-inner-column elementor-element elementor-element-d721392\" data-id=\"d721392\" data-element_type=\"column\">\n\t\t\t<div class=\"elementor-widget-wrap elementor-element-populated\">\n\t\t\t\t\t\t\t\t<div class=\"elementor-element elementor-element-9f607b5 elementor-widget elementor-widget-mkdf_section_title\" data-id=\"9f607b5\" data-element_type=\"widget\" data-widget_type=\"mkdf_section_title.default\">\n\t\t\t\t<div class=\"elementor-widget-container\">\n\t\t\t<div class=\"mkdf-section-title-holder  mkdf-st-standard   \" >\n\t<div class=\"mkdf-st-inner\">\n                    <h6 class=\"mkdf-st-intro-title\" >\n                Responsibility            <\/h6>\n        \t\t\t\t\t<h2 class=\"mkdf-st-title\" >\n\t\t\t\tSocial Responsibility\t\t\t<\/h2>\n\t\t\t\t\t\t\t<p class=\"mkdf-st-text\" style=\"margin-top: 20px\">\n\t\t\t\tAs ADO Group Family, we act with a profound principle which centers on the idea of \u201csharing, what we gain from the society we are in, with the society\u201d. Subsequently, in all countries we perform our activities, we respect ethical values and aim to develop and protect the common good of the society. ADO Group, adapting the social responsibility as a main building block of its corporate culture, produces and realizes social responsibility projects, answering environmental and social needs of the society in which it lives. Related activities are supported whenever we foresee a benefit for the society and we do cooperations with the related organizations to achieve this goal. We invest to the future in all countries where we perform our activities by trying to take a meaningful part in selected projects making contribution to the development of the society.\t\t\t<\/p>\n\t\t\t<\/div>\n<\/div>\t\t<\/div>\n\t\t\t\t<\/div>\n\t\t\t\t\t<\/div>\n\t\t<\/div>\n\t\t\t\t\t\t\t<\/div>\n\t\t<\/section>\n\t\t<div class=\"mkdf-row-background-pattern-holder\"><div class=\"mkdf-row-background-pattern-left\"><\/div><div class=\"mkdf-row-background-pattern-right\"><\/div><\/div><\/div>\t\t\t<\/div>\n\t\t<\/div>\n\t\t\t\t\t\t\t<\/div>\n\t\t<\/section>\n\t\t\t\t<section class=\"elementor-section elementor-top-section elementor-element elementor-element-9a1f7b5 mkdf-elementor-row-grid-section elementor-section-boxed elementor-section-height-default elementor-section-height-default mkdf-parallax-row-no mkdf-content-aligment-left mkdf-disabled-bg-image-bellow-no mkdf-row-btt-light\" data-id=\"9a1f7b5\" data-element_type=\"section\">\n\t\t\t\t\t\t<div class=\"elementor-container elementor-column-gap-default\">\n\t\t\t\t\t<div class=\"elementor-column elementor-col-33 elementor-top-column elementor-element elementor-element-4dd614b\" data-id=\"4dd614b\" data-element_type=\"column\">\n\t\t\t<div class=\"elementor-widget-wrap elementor-element-populated\">\n\t\t\t\t\t\t\t\t<div class=\"elementor-element elementor-element-3b0a9dd elementor-widget elementor-widget-mkdf_icon_with_text\" data-id=\"3b0a9dd\" data-element_type=\"widget\" data-widget_type=\"mkdf_icon_with_text.default\">\n\t\t\t\t<div class=\"elementor-widget-container\">\n\t\t\t<div class=\"mkdf-iwt clearfix  mkdf-iwt-icon-top-centered mkdf-iwt-boxed mkdf-iwt-icon-medium\" >\n\t<div class=\"mkdf-iwt-icon\">\n\t\t\t\t\t<a itemprop=\"url\" href=\"#\" target=\"_self\">\n\t\t\t\t\t\t\t\t\t<img loading=\"lazy\" decoding=\"async\" width=\"107\" height=\"56\" src=\"https:\/\/www.ado.com.tr\/wp-content\/uploads\/2023\/09\/ikon-1.png\" class=\"attachment-full size-full\" alt=\"ikon 1\" \/>                \t\t\t\t\t<\/a>\n\t\t\t<\/div>\n\t<div class=\"mkdf-iwt-content\" style=\"padding-top: px\">\n                    <p class=\"mkdf-iwt-caption\" >Our Responsibilities<\/p>\n        \t\t\t\t\t<h4 class=\"mkdf-iwt-title\" style=\"margin-top: -4px\">\n\t\t\t\t\t\t\t\t\t<a itemprop=\"url\" href=\"#\" target=\"_self\">\n\t\t\t\t\t\t\t\t<span class=\"mkdf-iwt-title-text\">Sustainabilty<\/span>\n\t\t\t\t\t\t\t\t\t<\/a>\n\t\t\t\t\t\t\t<\/h4>\n\t\t\t\t\t\t\t<p class=\"mkdf-iwt-text\" style=\"margin-top: 14px\">We try to develop new methods for minimizing the natural resource usage and waste production to the lowest level possible and we aim to prevent the environmental pollution with environment friendly projects and to ensure the sustainability of the systems established in the scope of protecting environment.<\/p>\n\t\t\t<\/div>\n<\/div>\t\t<\/div>\n\t\t\t\t<\/div>\n\t\t\t\t\t<\/div>\n\t\t<\/div>\n\t\t\t\t<div class=\"elementor-column elementor-col-33 elementor-top-column elementor-element elementor-element-7c19b81\" data-id=\"7c19b81\" data-element_type=\"column\">\n\t\t\t<div class=\"elementor-widget-wrap elementor-element-populated\">\n\t\t\t\t\t\t\t\t<div class=\"elementor-element elementor-element-53d3342 elementor-widget elementor-widget-image\" data-id=\"53d3342\" data-element_type=\"widget\" data-widget_type=\"image.default\">\n\t\t\t\t<div class=\"elementor-widget-container\">\n\t\t\t\t\t\t\t\t\t\t\t\t\t\t\t<img loading=\"lazy\" decoding=\"async\" width=\"360\" height=\"360\" src=\"https:\/\/www.ado.com.tr\/wp-content\/uploads\/2024\/06\/seamless-integration-artificial-intelligence-technologies-production-setting-1.webp\" class=\"attachment-full size-full wp-image-11517\" alt=\"seamless integration artificial intelligence technologies production setting 1\" srcset=\"https:\/\/www.ado.com.tr\/wp-content\/uploads\/2024\/06\/seamless-integration-artificial-intelligence-technologies-production-setting-1.webp 360w, https:\/\/www.ado.com.tr\/wp-content\/uploads\/2024\/06\/seamless-integration-artificial-intelligence-technologies-production-setting-1-300x300.webp 300w, https:\/\/www.ado.com.tr\/wp-content\/uploads\/2024\/06\/seamless-integration-artificial-intelligence-technologies-production-setting-1-150x150.webp 150w\" sizes=\"(max-width: 360px) 100vw, 360px\" \/>\t\t\t\t\t\t\t\t\t\t\t\t\t\t\t<\/div>\n\t\t\t\t<\/div>\n\t\t\t\t\t<\/div>\n\t\t<\/div>\n\t\t\t\t<div class=\"elementor-column elementor-col-33 elementor-top-column elementor-element elementor-element-0ee4f64\" data-id=\"0ee4f64\" data-element_type=\"column\">\n\t\t\t<div class=\"elementor-widget-wrap elementor-element-populated\">\n\t\t\t\t\t\t\t\t<div class=\"elementor-element elementor-element-ccd7512 elementor-widget elementor-widget-mkdf_icon_with_text\" data-id=\"ccd7512\" data-element_type=\"widget\" data-widget_type=\"mkdf_icon_with_text.default\">\n\t\t\t\t<div class=\"elementor-widget-container\">\n\t\t\t<div class=\"mkdf-iwt clearfix  mkdf-iwt-icon-top-centered mkdf-iwt-boxed mkdf-iwt-icon-medium\" >\n\t<div class=\"mkdf-iwt-icon\">\n\t\t\t\t\t<a itemprop=\"url\" href=\"#\" target=\"_self\">\n\t\t\t\t\t\t\t\t\t<img loading=\"lazy\" decoding=\"async\" width=\"68\" height=\"66\" src=\"https:\/\/www.ado.com.tr\/wp-content\/uploads\/2023\/09\/ikon-2.png\" class=\"attachment-full size-full\" alt=\"ikon 2\" \/>                \t\t\t\t\t<\/a>\n\t\t\t<\/div>\n\t<div class=\"mkdf-iwt-content\" style=\"padding-top: px\">\n                    <p class=\"mkdf-iwt-caption\" >Our Responsibilities<\/p>\n        \t\t\t\t\t<h4 class=\"mkdf-iwt-title\" style=\"margin-top: -4px\">\n\t\t\t\t\t\t\t\t\t<a itemprop=\"url\" href=\"#\" target=\"_self\">\n\t\t\t\t\t\t\t\t<span class=\"mkdf-iwt-title-text\">Technology<\/span>\n\t\t\t\t\t\t\t\t\t<\/a>\n\t\t\t\t\t\t\t<\/h4>\n\t\t\t\t\t\t\t<p class=\"mkdf-iwt-text\" style=\"margin-top: 14px\">Joint venture with Akdeniz University for incorporation of Antalya Techno city to increase technological developments and innovations.<\/p>\n\t\t\t<\/div>\n<\/div>\t\t<\/div>\n\t\t\t\t<\/div>\n\t\t\t\t\t<\/div>\n\t\t<\/div>\n\t\t\t\t\t\t\t<\/div>\n\t\t<\/section>\n\t\t\t\t<section class=\"elementor-section elementor-top-section elementor-element elementor-element-3a533f8 mkdf-elementor-row-grid-section elementor-section-boxed elementor-section-height-default elementor-section-height-default mkdf-parallax-row-no mkdf-content-aligment-left mkdf-disabled-bg-image-bellow-no mkdf-row-btt-light\" data-id=\"3a533f8\" data-element_type=\"section\">\n\t\t\t\t\t\t<div class=\"elementor-container elementor-column-gap-default\">\n\t\t\t\t\t<div class=\"elementor-column elementor-col-33 elementor-top-column elementor-element elementor-element-b7c8b6e\" data-id=\"b7c8b6e\" data-element_type=\"column\">\n\t\t\t<div class=\"elementor-widget-wrap elementor-element-populated\">\n\t\t\t\t\t\t\t\t<div class=\"elementor-element elementor-element-b9bed9f elementor-widget elementor-widget-image\" data-id=\"b9bed9f\" data-element_type=\"widget\" data-widget_type=\"image.default\">\n\t\t\t\t<div class=\"elementor-widget-container\">\n\t\t\t\t\t\t\t\t\t\t\t\t\t\t\t<img loading=\"lazy\" decoding=\"async\" width=\"1024\" height=\"1024\" src=\"https:\/\/www.ado.com.tr\/wp-content\/uploads\/2024\/07\/adogrup-spor.webp\" class=\"attachment-large size-large wp-image-13584\" alt=\"adogrup spor\" srcset=\"https:\/\/www.ado.com.tr\/wp-content\/uploads\/2024\/07\/adogrup-spor.webp 1024w, https:\/\/www.ado.com.tr\/wp-content\/uploads\/2024\/07\/adogrup-spor-300x300.webp 300w, https:\/\/www.ado.com.tr\/wp-content\/uploads\/2024\/07\/adogrup-spor-150x150.webp 150w, https:\/\/www.ado.com.tr\/wp-content\/uploads\/2024\/07\/adogrup-spor-768x768.webp 768w, https:\/\/www.ado.com.tr\/wp-content\/uploads\/2024\/07\/adogrup-spor-650x650.webp 650w, https:\/\/www.ado.com.tr\/wp-content\/uploads\/2024\/07\/adogrup-spor-24x24.webp 24w, https:\/\/www.ado.com.tr\/wp-content\/uploads\/2024\/07\/adogrup-spor-36x36.webp 36w, https:\/\/www.ado.com.tr\/wp-content\/uploads\/2024\/07\/adogrup-spor-48x48.webp 48w\" sizes=\"(max-width: 1024px) 100vw, 1024px\" \/>\t\t\t\t\t\t\t\t\t\t\t\t\t\t\t<\/div>\n\t\t\t\t<\/div>\n\t\t\t\t\t<\/div>\n\t\t<\/div>\n\t\t\t\t<div class=\"elementor-column elementor-col-33 elementor-top-column elementor-element elementor-element-373c4fb\" data-id=\"373c4fb\" data-element_type=\"column\">\n\t\t\t<div class=\"elementor-widget-wrap elementor-element-populated\">\n\t\t\t\t\t\t\t\t<div class=\"elementor-element elementor-element-f4fd695 elementor-widget elementor-widget-mkdf_icon_with_text\" data-id=\"f4fd695\" data-element_type=\"widget\" data-widget_type=\"mkdf_icon_with_text.default\">\n\t\t\t\t<div class=\"elementor-widget-container\">\n\t\t\t<div class=\"mkdf-iwt clearfix  mkdf-iwt-icon-top-centered mkdf-iwt-boxed mkdf-iwt-icon-medium\" >\n\t<div class=\"mkdf-iwt-icon\">\n\t\t\t\t\t<a itemprop=\"url\" href=\"#\" target=\"_self\">\n\t\t\t\t\t\t\t\t\t<img loading=\"lazy\" decoding=\"async\" width=\"88\" height=\"79\" src=\"https:\/\/www.ado.com.tr\/wp-content\/uploads\/2023\/09\/ikon-3.png\" class=\"attachment-full size-full\" alt=\"ikon 3\" \/>                \t\t\t\t\t<\/a>\n\t\t\t<\/div>\n\t<div class=\"mkdf-iwt-content\" style=\"padding-top: px\">\n                    <p class=\"mkdf-iwt-caption\" >Our Responsibilities<\/p>\n        \t\t\t\t\t<h4 class=\"mkdf-iwt-title\" style=\"margin-top: -4px\">\n\t\t\t\t\t\t\t\t\t<a itemprop=\"url\" href=\"#\" target=\"_self\">\n\t\t\t\t\t\t\t\t<span class=\"mkdf-iwt-title-text\">Sports<\/span>\n\t\t\t\t\t\t\t\t\t<\/a>\n\t\t\t\t\t\t\t<\/h4>\n\t\t\t\t\t\t\t<p class=\"mkdf-iwt-text\" style=\"margin-top: 14px\">Restoration of Antalyaspor (Antalya city sports club) sport facilities and management center, construction of the Adopen tribunes of Antalya Ataturk Stadium, construction of tribunes of Kepezspor stadium, construction of tribunes of tennis courts of ATIK Antalya Tennis Club.<\/p>\n\t\t\t<\/div>\n<\/div>\t\t<\/div>\n\t\t\t\t<\/div>\n\t\t\t\t\t<\/div>\n\t\t<\/div>\n\t\t\t\t<div class=\"elementor-column elementor-col-33 elementor-top-column elementor-element elementor-element-82b4e33\" data-id=\"82b4e33\" data-element_type=\"column\">\n\t\t\t<div class=\"elementor-widget-wrap elementor-element-populated\">\n\t\t\t\t\t\t\t\t<div class=\"elementor-element elementor-element-9d99610 elementor-widget elementor-widget-image\" data-id=\"9d99610\" data-element_type=\"widget\" data-widget_type=\"image.default\">\n\t\t\t\t<div class=\"elementor-widget-container\">\n\t\t\t\t\t\t\t\t\t\t\t\t\t\t\t<img loading=\"lazy\" decoding=\"async\" width=\"1024\" height=\"1024\" src=\"https:\/\/www.ado.com.tr\/wp-content\/uploads\/2024\/07\/adogrup-spor1.webp\" class=\"attachment-large size-large wp-image-13582\" alt=\"adogrup spor1\" srcset=\"https:\/\/www.ado.com.tr\/wp-content\/uploads\/2024\/07\/adogrup-spor1.webp 1024w, https:\/\/www.ado.com.tr\/wp-content\/uploads\/2024\/07\/adogrup-spor1-300x300.webp 300w, https:\/\/www.ado.com.tr\/wp-content\/uploads\/2024\/07\/adogrup-spor1-150x150.webp 150w, https:\/\/www.ado.com.tr\/wp-content\/uploads\/2024\/07\/adogrup-spor1-768x768.webp 768w, https:\/\/www.ado.com.tr\/wp-content\/uploads\/2024\/07\/adogrup-spor1-650x650.webp 650w, https:\/\/www.ado.com.tr\/wp-content\/uploads\/2024\/07\/adogrup-spor1-24x24.webp 24w, https:\/\/www.ado.com.tr\/wp-content\/uploads\/2024\/07\/adogrup-spor1-36x36.webp 36w, https:\/\/www.ado.com.tr\/wp-content\/uploads\/2024\/07\/adogrup-spor1-48x48.webp 48w\" sizes=\"(max-width: 1024px) 100vw, 1024px\" \/>\t\t\t\t\t\t\t\t\t\t\t\t\t\t\t<\/div>\n\t\t\t\t<\/div>\n\t\t\t\t\t<\/div>\n\t\t<\/div>\n\t\t\t\t\t\t\t<\/div>\n\t\t<\/section>\n\t\t\t\t<section class=\"elementor-section elementor-top-section elementor-element elementor-element-1ac4f75 mkdf-elementor-row-grid-section elementor-section-boxed elementor-section-height-default elementor-section-height-default mkdf-parallax-row-no mkdf-content-aligment-left mkdf-disabled-bg-image-bellow-no mkdf-row-btt-light\" data-id=\"1ac4f75\" data-element_type=\"section\">\n\t\t\t\t\t\t<div class=\"elementor-container elementor-column-gap-default\">\n\t\t\t\t\t<div class=\"elementor-column elementor-col-33 elementor-top-column elementor-element elementor-element-8e58ce7\" data-id=\"8e58ce7\" data-element_type=\"column\">\n\t\t\t<div class=\"elementor-widget-wrap elementor-element-populated\">\n\t\t\t\t\t\t\t\t<div class=\"elementor-element elementor-element-754d0dc elementor-widget elementor-widget-mkdf_icon_with_text\" data-id=\"754d0dc\" data-element_type=\"widget\" data-widget_type=\"mkdf_icon_with_text.default\">\n\t\t\t\t<div class=\"elementor-widget-container\">\n\t\t\t<div class=\"mkdf-iwt clearfix  mkdf-iwt-icon-top-centered mkdf-iwt-boxed mkdf-iwt-icon-medium\" >\n\t<div class=\"mkdf-iwt-icon\">\n\t\t\t\t\t<a itemprop=\"url\" href=\"#\" target=\"_self\">\n\t\t\t\t\t\t\t\t\t<img loading=\"lazy\" decoding=\"async\" width=\"95\" height=\"85\" src=\"https:\/\/www.ado.com.tr\/wp-content\/uploads\/2023\/09\/ikon-4.png\" class=\"attachment-full size-full\" alt=\"ikon 4\" \/>                \t\t\t\t\t<\/a>\n\t\t\t<\/div>\n\t<div class=\"mkdf-iwt-content\" style=\"padding-top: px\">\n                    <p class=\"mkdf-iwt-caption\" >Our Responsibilities<\/p>\n        \t\t\t\t\t<h4 class=\"mkdf-iwt-title\" style=\"margin-top: -4px\">\n\t\t\t\t\t\t\t\t\t<a itemprop=\"url\" href=\"#\" target=\"_self\">\n\t\t\t\t\t\t\t\t<span class=\"mkdf-iwt-title-text\">Education<\/span>\n\t\t\t\t\t\t\t\t\t<\/a>\n\t\t\t\t\t\t\t<\/h4>\n\t\t\t\t\t\t\t<p class=\"mkdf-iwt-text\" style=\"margin-top: 14px\">Ay\u015fe SAK Ye\u015filbay\u0131r Occupational High School, Adopen Nursery, and Habibler Preliminary School KG Classes were constructed and donated in Antalya, along with the technical education facilities and machinery at K\u00fc\u00e7\u00fckk\u00f6y Industrial Vocational High School in Istanbul. Additionally, the Engineering Faculty buildings at Akdeniz University were built, and PVC window systems were installed and donated to over 30 schools and public buildings.<\/p>\n\t\t\t<\/div>\n<\/div>\t\t<\/div>\n\t\t\t\t<\/div>\n\t\t\t\t\t<\/div>\n\t\t<\/div>\n\t\t\t\t<div class=\"elementor-column elementor-col-33 elementor-top-column elementor-element elementor-element-f37bfc1\" data-id=\"f37bfc1\" data-element_type=\"column\">\n\t\t\t<div class=\"elementor-widget-wrap elementor-element-populated\">\n\t\t\t\t\t\t\t\t<div class=\"elementor-element elementor-element-fcb10cf elementor-widget elementor-widget-image\" data-id=\"fcb10cf\" data-element_type=\"widget\" data-widget_type=\"image.default\">\n\t\t\t\t<div class=\"elementor-widget-container\">\n\t\t\t\t\t\t\t\t\t\t\t\t\t\t\t<img loading=\"lazy\" decoding=\"async\" width=\"360\" height=\"360\" src=\"https:\/\/www.ado.com.tr\/wp-content\/uploads\/2024\/06\/everyone-is-smiling-listens-group-people-business-conference-modern-classroom-daytime-1.webp\" class=\"attachment-large size-large wp-image-11521\" alt=\"everyone is smiling listens group people business conference modern classroom daytime 1\" srcset=\"https:\/\/www.ado.com.tr\/wp-content\/uploads\/2024\/06\/everyone-is-smiling-listens-group-people-business-conference-modern-classroom-daytime-1.webp 360w, https:\/\/www.ado.com.tr\/wp-content\/uploads\/2024\/06\/everyone-is-smiling-listens-group-people-business-conference-modern-classroom-daytime-1-300x300.webp 300w, https:\/\/www.ado.com.tr\/wp-content\/uploads\/2024\/06\/everyone-is-smiling-listens-group-people-business-conference-modern-classroom-daytime-1-150x150.webp 150w\" sizes=\"(max-width: 360px) 100vw, 360px\" \/>\t\t\t\t\t\t\t\t\t\t\t\t\t\t\t<\/div>\n\t\t\t\t<\/div>\n\t\t\t\t\t<\/div>\n\t\t<\/div>\n\t\t\t\t<div class=\"elementor-column elementor-col-33 elementor-top-column elementor-element elementor-element-b7c6e57\" data-id=\"b7c6e57\" data-element_type=\"column\">\n\t\t\t<div class=\"elementor-widget-wrap elementor-element-populated\">\n\t\t\t\t\t\t\t\t<div class=\"elementor-element elementor-element-52de783 elementor-widget elementor-widget-mkdf_icon_with_text\" data-id=\"52de783\" data-element_type=\"widget\" data-widget_type=\"mkdf_icon_with_text.default\">\n\t\t\t\t<div class=\"elementor-widget-container\">\n\t\t\t<div class=\"mkdf-iwt clearfix  mkdf-iwt-icon-top-centered mkdf-iwt-boxed mkdf-iwt-icon-medium\" >\n\t<div class=\"mkdf-iwt-icon\">\n\t\t\t\t\t<a itemprop=\"url\" href=\"#\" target=\"_self\">\n\t\t\t\t\t\t\t\t\t<img loading=\"lazy\" decoding=\"async\" width=\"99\" height=\"86\" src=\"https:\/\/www.ado.com.tr\/wp-content\/uploads\/2023\/09\/ikon-5.png\" class=\"attachment-full size-full\" alt=\"ikon 5\" \/>                \t\t\t\t\t<\/a>\n\t\t\t<\/div>\n\t<div class=\"mkdf-iwt-content\" style=\"padding-top: px\">\n                    <p class=\"mkdf-iwt-caption\" >Our Responsibilities<\/p>\n        \t\t\t\t\t<h4 class=\"mkdf-iwt-title\" style=\"margin-top: -4px\">\n\t\t\t\t\t\t\t\t\t<a itemprop=\"url\" href=\"#\" target=\"_self\">\n\t\t\t\t\t\t\t\t<span class=\"mkdf-iwt-title-text\">Health<\/span>\n\t\t\t\t\t\t\t\t\t<\/a>\n\t\t\t\t\t\t\t<\/h4>\n\t\t\t\t\t\t\t<p class=\"mkdf-iwt-text\" style=\"margin-top: 14px\">Construction and donation of the Alcohol and Narcotics Addictions Rehabilitation Center, AMATEM, Akdeniz University as a full turnkey project, construction and donation of the Dosemealti Il\u0131ca Community Health Clinic, construction and donation of the Yenikoy Community Health Policlinic, installation and donation of PVC window systems of Bak\u0131rk\u00f6y State Hospital, donation of blood donation bus to Turkish Red Crescent as fully equipped.<\/p>\n\t\t\t<\/div>\n<\/div>\t\t<\/div>\n\t\t\t\t<\/div>\n\t\t\t\t\t<\/div>\n\t\t<\/div>\n\t\t\t\t\t\t\t<\/div>\n\t\t<\/section>\n\t\t\t\t\t\t\t<\/div>\n\t\t","protected":false},"excerpt":{"rendered":"<p>Responsibility Social Responsibility As ADO Group Family, we act with a profound principle which centers on the idea of \u201csharing, what we gain from the society we are in, with the society\u201d. Subsequently, in all countries we perform our activities, [&hellip;]<\/p>\n","protected":false},"author":1,"featured_media":0,"parent":13058,"menu_order":0,"comment_status":"closed","ping_status":"closed","template":"","meta":{"footnotes":""},"_links":{"self":[{"href":"https:\/\/www.ado.com.tr\/en\/wp-json\/wp\/v2\/pages\/13031"}],"collection":[{"href":"https:\/\/www.ado.com.tr\/en\/wp-json\/wp\/v2\/pages"}],"about":[{"href":"https:\/\/www.ado.com.tr\/en\/wp-json\/wp\/v2\/types\/page"}],"author":[{"embeddable":true,"href":"https:\/\/www.ado.com.tr\/en\/wp-json\/wp\/v2\/users\/1"}],"replies":[{"embeddable":true,"href":"https:\/\/www.ado.com.tr\/en\/wp-json\/wp\/v2\/comments?post=13031"}],"version-history":[{"count":32,"href":"https:\/\/www.ado.com.tr\/en\/wp-json\/wp\/v2\/pages\/13031\/revisions"}],"predecessor-version":[{"id":14265,"href":"https:\/\/www.ado.com.tr\/en\/wp-json\/wp\/v2\/pages\/13031\/revisions\/14265"}],"up":[{"embeddable":true,"href":"https:\/\/www.ado.com.tr\/en\/wp-json\/wp\/v2\/pages\/13058"}],"wp:attachment":[{"href":"https:\/\/www.ado.com.tr\/en\/wp-json\/wp\/v2\/media?parent=13031"}],"curies":[{"name":"wp","href":"https:\/\/api.w.org\/{rel}","templated":true}]}}